{"id":169,"date":"2024-07-13T12:08:15","date_gmt":"2024-07-13T10:08:15","guid":{"rendered":"https:\/\/galaxynet.pl\/?page_id=169"},"modified":"2024-07-13T12:22:01","modified_gmt":"2024-07-13T10:22:01","slug":"pakiety-dodatkowe","status":"publish","type":"page","link":"https:\/\/galaxynet.pl\/?page_id=169","title":{"rendered":"Pakiety dodatkowe"},"content":{"rendered":"\t\t<div data-elementor-type=\"wp-page\" data-elementor-id=\"169\" class=\"elementor elementor-169\">\n\t\t\t\t<div class=\"elementor-element elementor-element-7f4487a e-flex e-con-boxed e-con e-parent\" data-id=\"7f4487a\" data-element_type=\"container\" data-e-type=\"container\">\n\t\t\t\t\t<div class=\"e-con-inner\">\n\t\t\t\t<div class=\"elementor-element elementor-element-21568fd elementor-widget elementor-widget-text-editor\" data-id=\"21568fd\" data-element_type=\"widget\" data-e-type=\"widget\" data-widget_type=\"text-editor.default\">\n\t\t\t\t<div class=\"elementor-widget-container\">\n\t\t\t\t\t\t\t\t\tDODATKOWE\n\n<p><link href=\"https:\/\/maxcdn.bootstrapcdn.com\/bootstrap\/3.4.1\/css\/bootstrap.min.css\" rel=\"stylesheet\" \/><\/p>\n<p>\n<script src=\"https:\/\/ajax.googleapis.com\/ajax\/libs\/jquery\/3.5.1\/jquery.min.js\" type=\"text\/javascript\"><\/script>\n<script src=\"https:\/\/maxcdn.bootstrapcdn.com\/bootstrap\/3.4.1\/js\/bootstrap.min.js\" type=\"text\/javascript\"><\/script>\n<\/p>\n<style type=\"text\/css\"><!--\n.kontener {\n\twidth:88px;\n\theight:88px;\n\tborder: 1px solid;\n\tborder-color:#dddddd;\n\tfloat:left;\n\tmargin-left:5px;\n\tmargin-top:5px;\n\tpadding-left:10px;\n\tpadding-top:10px;\n\t}\n\t\n\t.kontener:hover {\n\tborder: 1px solid;\n\tborder-color:black;\n\t}\n \n    .kontener1 {\n\twidth:88px;\n\theight:88px;\n\tborder: 1px solid;\n\tborder-color:#f7f7f7;\n\tfloat:left;\n\tmargin-left:5px;\n\tmargin-top:5px;\n\tpadding-left:10px;\n\tpadding-top:10px;\n\t}\n\t\n\t.k1 {\n\twidth:68px;\n\theight:68px;\n\t}\n\t\n\t.k2 {\n\twidth:68px;\n\theight:68px;\n\tfilter: grayscale(0%);\n\topacity: 0.15;\n\t}\n\n\t.kat {\n\t clear:both;\n\t height:auto;\n\t width:auto;\n\t}\n\n\t.title {\n\t clear:both;\n\t padding-top:18px;\n\t font-size:22px;\n\t}\n\t\n\t\n\n\n.nav-tabs > li > a{\n  border: medium none;\n      color:#c71e59;\n}\n.nav-tabs > li > a:hover{\n\n    color:#c71e59;\n}\n\t\n\n\n\n.nav-tabs>li>a {\n    font-size: 1.2rem;\n    font-weight: ;\n}\n--><\/style>\n<p><small>Najed\u017a na logo, by zobaczy\u0107 numer i opis kana\u0142u. Lista kana\u0142\u00f3w mo\u017ce ulec zmianom ze wzgl\u0119du na decyzje nadawc\u00f3w lub KRRiT.<\/small><\/p>\n<!-- Zak\u0142adki -->\n<ul class=\"nav nav-tabs\" role=\"tablist\">\n<li><a role=\"tab\" href=\"#cp\" data-toggle=\"tab\">Canal+ Prestige<\/a><\/li>\n<li><a role=\"tab\" href=\"#cs\" data-toggle=\"tab\">Canal+ Select<\/a><\/li>\n<li><a role=\"tab\" href=\"#hbo\" data-toggle=\"tab\">HBO HD<\/a><\/li>\n<li><a role=\"tab\" href=\"#vw\" data-toggle=\"tab\">Viasat World<\/a><\/li>\n<li><a role=\"tab\" href=\"#fb\" data-toggle=\"tab\">FilmBox<\/a><\/li>\n<li><a role=\"tab\" href=\"#cm\" data-toggle=\"tab\">Cinemax<\/a><\/li>\n<li><a role=\"tab\" href=\"#ps\" data-toggle=\"tab\">Pasja<\/a><\/li>\n<li><a role=\"tab\" href=\"#xxx\" data-toggle=\"tab\">eXXXtra<\/a><\/li>\n<li><a role=\"tab\" href=\"#tvp\" data-toggle=\"tab\">TVP Premium<\/a><\/li>\n<li><a role=\"tab\" href=\"#rep\" data-toggle=\"tab\">Republika<\/a><\/li>\n<li><a role=\"tab\" href=\"#niem\" data-toggle=\"tab\">Niemieckoj\u0119zyczny<\/a><\/li>\n<li><a role=\"tab\" href=\"#ukr\" data-toggle=\"tab\">Ukrai\u0144skoj\u0119zyczny<\/a><\/li>\n<li><a href=\"?page_id=169\">Wszystkie<\/a><\/li>\n<li><a class=\"address\" href=\"dodatkowe-cennik.html\">CENNIK<\/a><\/li>\n<\/ul>\n<div class=\"kat\">\n<div class=\"tab-content\">\n<div class=\"tab-pane active\" id=\"cp\">\n<div class=\"kontener\" data-toggle=\"tooltip\" title=\"Canal+ Premium | kana\u0142 HD | pozycja 240 | pakiety CANAL+ PRESTIGE i CANAL+ SELECT\"><img decoding=\"async\" class=\"k1\" src=\"https:\/\/avios.pl\/pakiety\/img\/canal+.png\" \/><\/div>\n<div class=\"kontener\" data-toggle=\"tooltip\" title=\"Canal+ Sport | kana\u0142 HD | pozycja 241 | pakiety CANAL+ PRESTIGE i CANAL+ SELECT\"><img decoding=\"async\" class=\"k1\" src=\"https:\/\/avios.pl\/pakiety\/img\/canal+_sport.png\" \/><\/div>\n<div class=\"kontener\" data-toggle=\"tooltip\" title=\"Canal+ Sport 2 | kana\u0142 HD | pozycja 242 | pakiety CANAL+ PRESTIGE i CANAL+ SELECT\"><img decoding=\"async\" class=\"k1\" src=\"https:\/\/avios.pl\/pakiety\/img\/canal+_sport2.png\" \/><\/div>\n<div class=\"kontener\" data-toggle=\"tooltip\" title=\"Canal+ Family | kana\u0142 HD | pozycja 243 | pakiety CANAL+ PRESTIGE i CANAL+ SELECT\"><img decoding=\"async\" class=\"k1\" src=\"https:\/\/avios.pl\/pakiety\/img\/canal+_family.png\" \/><\/div>\n<div class=\"kontener\" data-toggle=\"tooltip\" title=\"Canal+ Film | kana\u0142 HD | pozycja 244 | pakiety CANAL+ PRESTIGE i CANAL+ SELECT\"><img decoding=\"async\" class=\"k1\" src=\"https:\/\/avios.pl\/pakiety\/img\/canal+_film.png\" \/><\/div>\n<div class=\"kontener\" data-toggle=\"tooltip\" title=\"Canal+ 1 | kana\u0142 HD | pozycja 245 | pakiety CANAL+ PRESTIGE i CANAL+ SELECT\"><img decoding=\"async\" class=\"k1\" src=\"https:\/\/avios.pl\/pakiety\/img\/canal+_1.png\" \/><\/div>\n<div class=\"kontener\" data-toggle=\"tooltip\" title=\"Canal+ Seriale | kana\u0142 HD | pozycja 246 | pakiet CANAL+ PRESTIGE\"><img decoding=\"async\" class=\"k1\" src=\"https:\/\/avios.pl\/pakiety\/img\/canal+_seriale.png\" \/><\/div>\n<div class=\"kontener\" data-toggle=\"tooltip\" title=\"Canal+ Dokument | kana\u0142 HD | pozycja 247 | pakiet CANAL+ PRESTIGE\"><img decoding=\"async\" class=\"k1\" src=\"https:\/\/avios.pl\/pakiety\/img\/canal+_discovery.png\" \/><\/div>\n<div class=\"kontener\" data-toggle=\"tooltip\" title=\"Canal+ Sport 3 | kana\u0142 HD | pozycja 248 | pakiet CANAL+ PRESTIGE\"><img decoding=\"async\" class=\"k1\" src=\"https:\/\/avios.pl\/pakiety\/img\/canal+_sport3.png\" \/><\/div>\n<div class=\"kontener\" data-toggle=\"tooltip\" title=\"Canal+ Sport 4 | kana\u0142 HD | pozycja 249 | pakiet CANAL+ PRESTIGE\"><img decoding=\"async\" class=\"k1\" src=\"https:\/\/avios.pl\/pakiety\/img\/canal+_sport4.png\" \/><\/div>\n<div class=\"kontener\" data-toggle=\"tooltip\" title=\"Canal+ Now | kana\u0142 HD | pozycja 250 | pakiet CANAL+ PRESTIGE\"><img decoding=\"async\" class=\"k1\" src=\"https:\/\/avios.pl\/pakiety\/img\/canal+_now.png\" \/><\/div>\n<\/div>\n<div class=\"tab-pane active\" id=\"cs\">\n<div class=\"kontener\" data-toggle=\"tooltip\" title=\"Canal+ Premium | kana\u0142 HD | pozycja 240 | pakiety CANAL+ PRESTIGE i CANAL+ SELECT\"><img decoding=\"async\" class=\"k1\" src=\"https:\/\/avios.pl\/pakiety\/img\/canal+.png\" \/><\/div>\n<div class=\"kontener\" data-toggle=\"tooltip\" title=\"Canal+ Sport | kana\u0142 HD | pozycja 241 | pakiety CANAL+ PRESTIGE i CANAL+ SELECT\"><img decoding=\"async\" class=\"k1\" src=\"https:\/\/avios.pl\/pakiety\/img\/canal+_sport.png\" \/><\/div>\n<div class=\"kontener\" data-toggle=\"tooltip\" title=\"Canal+ Sport 2 | kana\u0142 HD | pozycja 242 | pakiety CANAL+ PRESTIGE i CANAL+ SELECT\"><img decoding=\"async\" class=\"k1\" src=\"https:\/\/avios.pl\/pakiety\/img\/canal+_sport2.png\" \/><\/div>\n<div class=\"kontener\" data-toggle=\"tooltip\" title=\"Canal+ Family | kana\u0142 HD | pozycja 243 | pakiety CANAL+ PRESTIGE i CANAL+ SELECT\"><img decoding=\"async\" class=\"k1\" src=\"https:\/\/avios.pl\/pakiety\/img\/canal+_family.png\" \/><\/div>\n<div class=\"kontener\" data-toggle=\"tooltip\" title=\"Canal+ Film | kana\u0142 HD | pozycja 244 | pakiety CANAL+ PRESTIGE i CANAL+ SELECT\"><img decoding=\"async\" class=\"k1\" src=\"https:\/\/avios.pl\/pakiety\/img\/canal+_film.png\" \/><\/div>\n<div class=\"kontener\" data-toggle=\"tooltip\" title=\"Canal+ 1 | kana\u0142 HD | pozycja 245 | pakiety CANAL+ PRESTIGE i CANAL+ SELECT\"><img decoding=\"async\" class=\"k1\" src=\"https:\/\/avios.pl\/pakiety\/img\/canal+_1.png\" \/><\/div>\n<\/div>\n<div class=\"tab-pane active\" id=\"hbo\">\n<div class=\"kontener\" data-toggle=\"tooltip\" title=\"HBO | kana\u0142 HD | pozycja 260 | pakiet HBO\"><img decoding=\"async\" class=\"k1\" src=\"https:\/\/avios.pl\/pakiety\/img\/hbo_hd.png\" \/><\/div>\n<div class=\"kontener\" data-toggle=\"tooltip\" title=\"HBO 1 | kana\u0142 HD | pozycja 261 | pakiet HBO\"><img decoding=\"async\" class=\"k1\" src=\"https:\/\/avios.pl\/pakiety\/img\/hbo_2_hd.png\" \/><\/div>\n<div class=\"kontener\" data-toggle=\"tooltip\" title=\"HBO 2 | kana\u0142 HD | pozycja 262 | pakiet HBO\"><img decoding=\"async\" class=\"k1\" src=\"https:\/\/avios.pl\/pakiety\/img\/hbo3_hd.png\" \/><\/div>\n<\/div>\n<div class=\"tab-pane active\" id=\"vw\">\n<div class=\"kontener\" data-toggle=\"tooltip\" title=\"Epic Drama | kana\u0142 HD | pozycja 221 | pakiet VIASAT WORLD\"><img decoding=\"async\" class=\"k1\" src=\"https:\/\/avios.pl\/pakiety\/img\/epicdrama.png\" \/><\/div>\n<div class=\"kontener\" data-toggle=\"tooltip\" title=\"Polsat Viasat Nature | kana\u0142 HD | pozycja 319 | pakiet VIASAT WORLD\"><img decoding=\"async\" class=\"k1\" src=\"https:\/\/avios.pl\/pakiety\/img\/polsat_viasat_nature.png\" \/><\/div>\n<div class=\"kontener\" data-toggle=\"tooltip\" title=\"Polsat Viasat Explore | kana\u0142 HD | pozycja 320 | pakiet VIASAT WORLD\"><img decoding=\"async\" class=\"k1\" src=\"https:\/\/avios.pl\/pakiety\/img\/polsat_viasat_explore.png\" \/><\/div>\n<div class=\"kontener\" data-toggle=\"tooltip\" title=\"Polsat Viasat History | kana\u0142 HD | pozycja 321 | pakiet VIASAT WORLD\"><img decoding=\"async\" class=\"k1\" src=\"https:\/\/avios.pl\/pakiety\/img\/polsat_viasat_history.png\" \/><\/div>\n<\/div>\n<div class=\"tab-pane active\" id=\"fb\">\n<div class=\"kontener\" data-toggle=\"tooltip\" title=\"FilmBox Extra | kana\u0142 HD | pozycja 281 | pakiet FILMBOX\"><img decoding=\"async\" class=\"k1\" src=\"https:\/\/avios.pl\/pakiety\/img\/filmbox_extra_hd.png\" \/><\/div>\n<div class=\"kontener\" data-toggle=\"tooltip\" title=\"FilmBox Action | kana\u0142 SD | pozycja 282 | pakiet FILMBOX\"><img decoding=\"async\" class=\"k1\" src=\"https:\/\/avios.pl\/pakiety\/img\/filmbox_action.png\" \/><\/div>\n<div class=\"kontener\" data-toggle=\"tooltip\" title=\"FilmBox Premium | kana\u0142 HD | pozycja 283 | pakiet FILMBOX\"><img decoding=\"async\" class=\"k1\" src=\"https:\/\/avios.pl\/pakiety\/img\/filmbox_premium.png\" \/><\/div>\n<div class=\"kontener\" data-toggle=\"tooltip\" title=\"FilmBox Family | kana\u0142 SD | pozycja 284 | pakiet FILMBOX\"><img decoding=\"async\" class=\"k1\" src=\"https:\/\/avios.pl\/pakiety\/img\/filmbox_family.png\" \/><\/div>\n<div class=\"kontener\" data-toggle=\"tooltip\" title=\"FilmBox Arthouse | kana\u0142 HD | pozycja 285 | pakiet FILMBOX\"><img decoding=\"async\" class=\"k1\" src=\"https:\/\/avios.pl\/pakiety\/img\/filmbox_arthouse.png\" \/><\/div>\n<\/div>\n<div class=\"tab-pane active\" id=\"cm\">\n<div class=\"kontener\" data-toggle=\"tooltip\" title=\"Cinemax | kana\u0142 HD | pozycja 270 | pakiet CINEMAX\"><img decoding=\"async\" class=\"k1\" src=\"https:\/\/avios.pl\/pakiety\/img\/cinemax.png\" \/><\/div>\n<div class=\"kontener\" data-toggle=\"tooltip\" title=\"Cinemax 2 | kana\u0142 HD | pozycja 271 | pakiet CINEMAX\"><img decoding=\"async\" class=\"k1\" src=\"https:\/\/avios.pl\/pakiety\/img\/cinemax_2.png\" \/><\/div>\n<\/div>\n<div class=\"tab-pane active\" id=\"ps\">\n<div class=\"kontener\" data-toggle=\"tooltip\" title=\"Epic Drama | kana\u0142 HD | pozycja 221 | pakiet PASJA\"><img decoding=\"async\" class=\"k1\" src=\"https:\/\/avios.pl\/pakiety\/img\/epicdrama.png\" \/><\/div>\n<div class=\"kontener\" data-toggle=\"tooltip\" title=\"Fashion TV | kana\u0142 HD | pozycja 415 | pakiet PASJA\"><img decoding=\"async\" class=\"k1\" src=\"https:\/\/avios.pl\/pakiety\/img\/fashion_tv_hd.png\" \/><\/div>\n<div class=\"kontener\" data-toggle=\"tooltip\" title=\"Stingray Djazz | kana\u0142 HD | pozycja 722 | pakiet PASJA\"><img decoding=\"async\" class=\"k1\" src=\"https:\/\/avios.pl\/pakiety\/img\/djazz.png\" \/><\/div>\n<div class=\"kontener\" data-toggle=\"tooltip\" title=\"Stingray Classica | kana\u0142 HD | pozycja 723 | pakiet PASJA\"><img decoding=\"async\" class=\"k1\" src=\"https:\/\/avios.pl\/pakiety\/img\/brava_hd.png\" \/><\/div>\n<\/div>\n<div class=\"tab-pane active\" id=\"xxx\">\n<div class=\"kontener\" data-toggle=\"tooltip\" title=\"Fast&amp;FunBox | kana\u0142 HD | pozycja 510 | pakiet eXXXtra\"><img decoding=\"async\" class=\"k1\" src=\"https:\/\/avios.pl\/pakiety\/img\/fastbox.png\" \/><\/div>\n<div class=\"kontener\" data-toggle=\"tooltip\" title=\"FightBox | kana\u0142 HD | pozycja 516 | pakiet eXXXtra\"><img decoding=\"async\" class=\"k1\" src=\"https:\/\/avios.pl\/pakiety\/img\/fightbox_hd.png\" \/><\/div>\n<div class=\"kontener\" data-toggle=\"tooltip\" title=\"FightBox | kana\u0142 SD | pozycja 517 | pakiet eXXXtra\"><img decoding=\"async\" class=\"k1\" src=\"https:\/\/avios.pl\/pakiety\/img\/fightbox.png\" \/><\/div>\n<div class=\"kontener\" data-toggle=\"tooltip\" title=\"Erox | kana\u0142 HD | pozycja 830 | pakiet eXXXtra\"><img decoding=\"async\" class=\"k1\" src=\"https:\/\/avios.pl\/pakiety\/img\/erox.png\" \/><\/div>\n<div class=\"kontener\" data-toggle=\"tooltip\" title=\"Eroxxx | kana\u0142 HD | pozycja 831 | pakiet eXXXtra\"><img decoding=\"async\" class=\"k1\" src=\"https:\/\/avios.pl\/pakiety\/img\/eroxxx.png\" \/><\/div>\n<\/div>\n<div class=\"tab-pane active\" id=\"tvp\">\n<div class=\"kontener\" data-toggle=\"tooltip\" title=\"TVP HD | kana\u0142 HD | pozycja 021 | pakiet TVP PREMIUM\"><img decoding=\"async\" class=\"k1\" src=\"https:\/\/avios.pl\/pakiety\/img\/tvp_hd.png\" \/><\/div>\n<div class=\"kontener\" data-toggle=\"tooltip\" title=\"TVP Seriale | kana\u0142 SD | pozycja 209 | pakiet TVP PREMIUM\"><img decoding=\"async\" class=\"k1\" src=\"https:\/\/avios.pl\/pakiety\/img\/tvp_seriale.png\" \/><\/div>\n<\/div>\n<div class=\"tab-pane active\" id=\"rep\">\n<div class=\"kontener\" data-toggle=\"tooltip\" title=\"Republika | kana\u0142 SD | pozycja 107 | pakiet REPUBLIKA\"><img decoding=\"async\" class=\"k1\" src=\"https:\/\/avios.pl\/pakiety\/img\/telewizja_republika.png\" \/><\/div>\n<\/div>\n<div class=\"tab-pane active\" id=\"niem\">\n<div class=\"kontener\" data-toggle=\"tooltip\" title=\"RTL | kana\u0142 SD | pozycja 150 | pakiet niemieckoj\u0119zyczny\"><img decoding=\"async\" class=\"k1\" src=\"https:\/\/avios.pl\/pakiety\/img\/rtl.png\" \/><\/div>\n<div class=\"kontener\" data-toggle=\"tooltip\" title=\"RTL ZWEI | kana\u0142 SD | pozycja 151 | pakiet niemieckoj\u0119zyczny\"><img decoding=\"async\" class=\"k1\" src=\"https:\/\/avios.pl\/pakiety\/img\/rtlzwei.png\" \/><\/div>\n<div class=\"kontener\" data-toggle=\"tooltip\" title=\"Super RTL | kana\u0142 SD | pozycja 152 | pakiet niemieckoj\u0119zyczny\"><img decoding=\"async\" class=\"k1\" src=\"https:\/\/avios.pl\/pakiety\/img\/superrtl.png\" \/><\/div>\n<div class=\"kontener\" data-toggle=\"tooltip\" title=\"NITRO | kana\u0142 SD | pozycja 153 | pakiet niemieckoj\u0119zyczny\"><img decoding=\"async\" class=\"k1\" src=\"https:\/\/avios.pl\/pakiety\/img\/nitro.png\" \/><\/div>\n<div class=\"kontener\" data-toggle=\"tooltip\" title=\"VOX | kana\u0142 SD | pozycja 154 | pakiet niemieckoj\u0119zyczny\"><img decoding=\"async\" class=\"k1\" src=\"https:\/\/avios.pl\/pakiety\/img\/vox.png\" \/><\/div>\n<div class=\"kontener\" data-toggle=\"tooltip\" title=\"ntv | kana\u0142 SD | pozycja 155 | pakiet niemieckoj\u0119zyczny\"><img decoding=\"async\" class=\"k1\" src=\"https:\/\/avios.pl\/pakiety\/img\/ntv.png\" \/><\/div>\n<\/div>\n<div class=\"tab-pane active\" id=\"ukr\">\n<div class=\"kontener\" data-toggle=\"tooltip\" title=\"1+1 International | kana\u0142 SD | pozycja 160 | pakiet ukrai\u0144skoj\u0119zyczny\"><img decoding=\"async\" class=\"k1\" src=\"https:\/\/avios.pl\/pakiety\/img\/11int.png\" \/><\/div>\n<div class=\"kontener\" data-toggle=\"tooltip\" title=\"36,6 | kana\u0142 SD | pozycja 161 | pakiet ukrai\u0144skoj\u0119zyczny\"><img decoding=\"async\" class=\"k1\" src=\"https:\/\/avios.pl\/pakiety\/img\/366.png\" \/><\/div>\n<div class=\"kontener\" data-toggle=\"tooltip\" title=\"EU Music | kana\u0142 SD | pozycja 162 | pakiet ukrai\u0144skoj\u0119zyczny\"><img decoding=\"async\" class=\"k1\" src=\"https:\/\/avios.pl\/pakiety\/img\/eumusic.png\" \/><\/div>\n<div class=\"kontener\" data-toggle=\"tooltip\" title=\"Kvartal TV  | kana\u0142 SD | pozycja 163 | pakiet ukrai\u0144skoj\u0119zyczny\"><img decoding=\"async\" class=\"k1\" src=\"https:\/\/avios.pl\/pakiety\/img\/kvartal.png\" \/><\/div>\n<div class=\"kontener\" data-toggle=\"tooltip\" title=\"Niki Junior HD | kana\u0142 HD | pozycja 164 | pakiet ukrai\u0144skoj\u0119zyczny\"><img decoding=\"async\" class=\"k1\" src=\"https:\/\/avios.pl\/pakiety\/img\/nikijunior.png\" \/><\/div>\n<div class=\"kontener\" data-toggle=\"tooltip\" title=\"Kanal 5 | kana\u0142 SD | pozycja 165 | pakiet ukrai\u0144skoj\u0119zyczny\"><img decoding=\"async\" class=\"k1\" src=\"https:\/\/avios.pl\/pakiety\/img\/kanal5.png\" \/><\/div>\n<\/div>\n<\/div>\n<br \/> <br \/>\n<script type=\"text\/javascript\">\/\/ <![CDATA[\n$(document).ready(function(){\n  $('[data-toggle=\"tooltip\"]').tooltip();   \n});\n\/\/ ]]><\/script>\n<\/div>\n\n\n\t\t\t\t\t\t\t\t<\/div>\n\t\t\t\t<\/div>\n\t\t\t\t\t<\/div>\n\t\t\t\t<\/div>\n\t\t\t\t<\/div>\n\t\t","protected":false},"excerpt":{"rendered":"<p>DODATKOWE Najed\u017a na logo, by zobaczy\u0107 numer i opis kana\u0142u. Lista kana\u0142\u00f3w mo\u017ce ulec zmianom ze wzgl\u0119du na decyzje nadawc\u00f3w lub KRRiT. Canal+ Prestige Canal+ Select HBO HD Viasat World FilmBox Cinemax Pasja eXXXtra TVP Premium Republika Niemieckoj\u0119zyczny Ukrai\u0144skoj\u0119zyczny Wszystkie CENNIK<\/p>\n","protected":false},"author":1,"featured_media":0,"parent":0,"menu_order":0,"comment_status":"closed","ping_status":"closed","template":"","meta":{"footnotes":""},"class_list":["post-169","page","type-page","status-publish","hentry"],"yoast_head":"<!-- This site is optimized with the Yoast SEO plugin v27.2 - https:\/\/yoast.com\/product\/yoast-seo-wordpress\/ -->\n<title>Pakiety dodatkowe - GalaxyNet<\/title>\n<meta name=\"robots\" content=\"index, follow, max-snippet:-1, max-image-preview:large, max-video-preview:-1\" \/>\n<link rel=\"canonical\" href=\"https:\/\/galaxynet.pl\/?page_id=169\" \/>\n<meta property=\"og:locale\" content=\"pl_PL\" \/>\n<meta property=\"og:type\" content=\"article\" \/>\n<meta property=\"og:title\" content=\"Pakiety dodatkowe - GalaxyNet\" \/>\n<meta property=\"og:description\" content=\"DODATKOWE Najed\u017a na logo, by zobaczy\u0107 numer i opis kana\u0142u. Lista kana\u0142\u00f3w mo\u017ce ulec zmianom ze wzgl\u0119du na decyzje nadawc\u00f3w lub KRRiT. Canal+ Prestige Canal+ Select HBO HD Viasat World FilmBox Cinemax Pasja eXXXtra TVP Premium Republika Niemieckoj\u0119zyczny Ukrai\u0144skoj\u0119zyczny Wszystkie CENNIK\" \/>\n<meta property=\"og:url\" content=\"https:\/\/galaxynet.pl\/?page_id=169\" \/>\n<meta property=\"og:site_name\" content=\"GalaxyNet\" \/>\n<meta property=\"article:modified_time\" content=\"2024-07-13T10:22:01+00:00\" \/>\n<meta property=\"og:image\" content=\"https:\/\/avios.pl\/pakiety\/img\/canal+.png\" \/>\n<meta name=\"twitter:card\" content=\"summary_large_image\" \/>\n<script type=\"application\/ld+json\" class=\"yoast-schema-graph\">{\"@context\":\"https:\/\/schema.org\",\"@graph\":[{\"@type\":\"WebPage\",\"@id\":\"https:\/\/galaxynet.pl\/?page_id=169\",\"url\":\"https:\/\/galaxynet.pl\/?page_id=169\",\"name\":\"Pakiety dodatkowe - GalaxyNet\",\"isPartOf\":{\"@id\":\"https:\/\/galaxynet.pl\/#website\"},\"primaryImageOfPage\":{\"@id\":\"https:\/\/galaxynet.pl\/?page_id=169#primaryimage\"},\"image\":{\"@id\":\"https:\/\/galaxynet.pl\/?page_id=169#primaryimage\"},\"thumbnailUrl\":\"https:\/\/avios.pl\/pakiety\/img\/canal+.png\",\"datePublished\":\"2024-07-13T10:08:15+00:00\",\"dateModified\":\"2024-07-13T10:22:01+00:00\",\"breadcrumb\":{\"@id\":\"https:\/\/galaxynet.pl\/?page_id=169#breadcrumb\"},\"inLanguage\":\"pl-PL\",\"potentialAction\":[{\"@type\":\"ReadAction\",\"target\":[\"https:\/\/galaxynet.pl\/?page_id=169\"]}]},{\"@type\":\"ImageObject\",\"inLanguage\":\"pl-PL\",\"@id\":\"https:\/\/galaxynet.pl\/?page_id=169#primaryimage\",\"url\":\"https:\/\/avios.pl\/pakiety\/img\/canal+.png\",\"contentUrl\":\"https:\/\/avios.pl\/pakiety\/img\/canal+.png\"},{\"@type\":\"BreadcrumbList\",\"@id\":\"https:\/\/galaxynet.pl\/?page_id=169#breadcrumb\",\"itemListElement\":[{\"@type\":\"ListItem\",\"position\":1,\"name\":\"Home\",\"item\":\"https:\/\/galaxynet.pl\/\"},{\"@type\":\"ListItem\",\"position\":2,\"name\":\"Pakiety dodatkowe\"}]},{\"@type\":\"WebSite\",\"@id\":\"https:\/\/galaxynet.pl\/#website\",\"url\":\"https:\/\/galaxynet.pl\/\",\"name\":\"GalaxyNet\",\"description\":\"Wszystko, czego potrzebujesz.\",\"potentialAction\":[{\"@type\":\"SearchAction\",\"target\":{\"@type\":\"EntryPoint\",\"urlTemplate\":\"https:\/\/galaxynet.pl\/?s={search_term_string}\"},\"query-input\":{\"@type\":\"PropertyValueSpecification\",\"valueRequired\":true,\"valueName\":\"search_term_string\"}}],\"inLanguage\":\"pl-PL\"}]}<\/script>\n<!-- \/ Yoast SEO plugin. -->","yoast_head_json":{"title":"Pakiety dodatkowe - GalaxyNet","robots":{"index":"index","follow":"follow","max-snippet":"max-snippet:-1","max-image-preview":"max-image-preview:large","max-video-preview":"max-video-preview:-1"},"canonical":"https:\/\/galaxynet.pl\/?page_id=169","og_locale":"pl_PL","og_type":"article","og_title":"Pakiety dodatkowe - GalaxyNet","og_description":"DODATKOWE Najed\u017a na logo, by zobaczy\u0107 numer i opis kana\u0142u. Lista kana\u0142\u00f3w mo\u017ce ulec zmianom ze wzgl\u0119du na decyzje nadawc\u00f3w lub KRRiT. Canal+ Prestige Canal+ Select HBO HD Viasat World FilmBox Cinemax Pasja eXXXtra TVP Premium Republika Niemieckoj\u0119zyczny Ukrai\u0144skoj\u0119zyczny Wszystkie CENNIK","og_url":"https:\/\/galaxynet.pl\/?page_id=169","og_site_name":"GalaxyNet","article_modified_time":"2024-07-13T10:22:01+00:00","og_image":[{"url":"https:\/\/avios.pl\/pakiety\/img\/canal+.png","type":"","width":"","height":""}],"twitter_card":"summary_large_image","schema":{"@context":"https:\/\/schema.org","@graph":[{"@type":"WebPage","@id":"https:\/\/galaxynet.pl\/?page_id=169","url":"https:\/\/galaxynet.pl\/?page_id=169","name":"Pakiety dodatkowe - GalaxyNet","isPartOf":{"@id":"https:\/\/galaxynet.pl\/#website"},"primaryImageOfPage":{"@id":"https:\/\/galaxynet.pl\/?page_id=169#primaryimage"},"image":{"@id":"https:\/\/galaxynet.pl\/?page_id=169#primaryimage"},"thumbnailUrl":"https:\/\/avios.pl\/pakiety\/img\/canal+.png","datePublished":"2024-07-13T10:08:15+00:00","dateModified":"2024-07-13T10:22:01+00:00","breadcrumb":{"@id":"https:\/\/galaxynet.pl\/?page_id=169#breadcrumb"},"inLanguage":"pl-PL","potentialAction":[{"@type":"ReadAction","target":["https:\/\/galaxynet.pl\/?page_id=169"]}]},{"@type":"ImageObject","inLanguage":"pl-PL","@id":"https:\/\/galaxynet.pl\/?page_id=169#primaryimage","url":"https:\/\/avios.pl\/pakiety\/img\/canal+.png","contentUrl":"https:\/\/avios.pl\/pakiety\/img\/canal+.png"},{"@type":"BreadcrumbList","@id":"https:\/\/galaxynet.pl\/?page_id=169#breadcrumb","itemListElement":[{"@type":"ListItem","position":1,"name":"Home","item":"https:\/\/galaxynet.pl\/"},{"@type":"ListItem","position":2,"name":"Pakiety dodatkowe"}]},{"@type":"WebSite","@id":"https:\/\/galaxynet.pl\/#website","url":"https:\/\/galaxynet.pl\/","name":"GalaxyNet","description":"Wszystko, czego potrzebujesz.","potentialAction":[{"@type":"SearchAction","target":{"@type":"EntryPoint","urlTemplate":"https:\/\/galaxynet.pl\/?s={search_term_string}"},"query-input":{"@type":"PropertyValueSpecification","valueRequired":true,"valueName":"search_term_string"}}],"inLanguage":"pl-PL"}]}},"_links":{"self":[{"href":"https:\/\/galaxynet.pl\/index.php?rest_route=\/wp\/v2\/pages\/169","targetHints":{"allow":["GET"]}}],"collection":[{"href":"https:\/\/galaxynet.pl\/index.php?rest_route=\/wp\/v2\/pages"}],"about":[{"href":"https:\/\/galaxynet.pl\/index.php?rest_route=\/wp\/v2\/types\/page"}],"author":[{"embeddable":true,"href":"https:\/\/galaxynet.pl\/index.php?rest_route=\/wp\/v2\/users\/1"}],"replies":[{"embeddable":true,"href":"https:\/\/galaxynet.pl\/index.php?rest_route=%2Fwp%2Fv2%2Fcomments&post=169"}],"version-history":[{"count":13,"href":"https:\/\/galaxynet.pl\/index.php?rest_route=\/wp\/v2\/pages\/169\/revisions"}],"predecessor-version":[{"id":184,"href":"https:\/\/galaxynet.pl\/index.php?rest_route=\/wp\/v2\/pages\/169\/revisions\/184"}],"wp:attachment":[{"href":"https:\/\/galaxynet.pl\/index.php?rest_route=%2Fwp%2Fv2%2Fmedia&parent=169"}],"curies":[{"name":"wp","href":"https:\/\/api.w.org\/{rel}","templated":true}]}}