{"id":26,"date":"2024-07-11T15:28:27","date_gmt":"2024-07-11T13:28:27","guid":{"rendered":"https:\/\/galaxynet.pl\/?page_id=26"},"modified":"2025-12-22T12:25:17","modified_gmt":"2025-12-22T11:25:17","slug":"internet-swiatlowodowy-1000-200-mb-s","status":"publish","type":"page","link":"https:\/\/galaxynet.pl\/?page_id=26","title":{"rendered":"Internet HomeNET 800+"},"content":{"rendered":"\n<p>Pr\u0119dko\u015b\u0107 pobierania do <strong>800 Mb\/s<\/strong><\/p>\n\n\n\n<p>Pr\u0119dko\u015b\u0107 wysy\u0142ania do <strong>100 Mb\/s<\/strong><\/p>\n\n\n\n<p>Abonament miesi\u0119czny <strong>80 z\u0142<\/strong><\/p>\n\n\n\n<p><strong>Adres IP z puli prywatnej.<\/strong><\/p>\n\n\n\n<p><strong>Opcje dodatkowe na \u017cyczenie Abonenta:<\/strong><br>1 adres IP z puli publicznej (abonament miesi\u0119czny 19 z\u0142)<br>Us\u0142uga 2x szybsze wysy\u0142anie danych (abonament miesi\u0119czny 20 z\u0142)<br>Dzier\u017cawa routera Wi-Fi 7 (abonament miesi\u0119czny 10 z\u0142)<\/p>\n\n\n\n<p><\/p>\n\n\n\n<p class=\"has-text-align-left\"><em>Pr\u0119dko\u015b\u0107 800 M\/s pozwala na p\u0142ynne przegl\u0105danie stron internetowych, ogl\u0105danie film\u00f3w w jako\u015bci HD oraz granie w gry online bez zaci\u0119\u0107 i op\u00f3\u017anie\u0144. To idealna pr\u0119dko\u015b\u0107 dla os\u00f3b korzystaj\u0105cych z Internetu na co dzie\u0144 w podstawowym zakresie.<\/em><\/p>\n\n\n\n<p><\/p>\n\n\n\n<ul class=\"wp-block-list\">\n<li>Us\u0142uga \u015bwiadczona jest w lokalu Abonenta poprzez technologie \u015bwiat\u0142owodow\u0105: FTTH albo ETTH<\/li>\n\n\n\n<li>Us\u0142ugi dost\u0119pne tylko i wy\u0142\u0105cznie dla Konsument\u00f3w<\/li>\n\n\n\n<li>Przedstawione transfery s\u0105 warto\u015bciami maksymalnymi, jakie mo\u017ce osi\u0105gn\u0105\u0107 Abonent i s\u0105 uzale\u017cnione od typu \u0142\u0105cza oraz rodzaj\u00f3w i stanu urz\u0105dze\u0144 Abonenta)<\/li>\n\n\n\n<li>Wszystkie ceny, podane na tej stronie, s\u0105 cenami brutto i zawieraj\u0105 obowi\u0105zuj\u0105cy w Polsce podatek VAT<\/li>\n\n\n\n<li>Przedstawione abonamenty miesi\u0119czne s\u0105 sta\u0142e i niezale\u017cne od czasu trwania umowy abonenckiej<\/li>\n\n\n\n<li><strong>Op\u0142ata przy\u0142\u0105czeniowa jest uzale\u017cniona od czasu trwania umowy abonenckiej oraz istnienia i<\/strong>&nbsp;<strong>mo\u017cliwo\u015bci wykorzystania infrastruktury \u015bwiat\u0142owodowej w miejscu instalacji<\/strong><\/li>\n\n\n\n<li><strong>Op\u0142ata aktywacyjna<\/strong> jest uzale\u017cniona od czasu trwania umowy abonenckiej i wynosi od <strong>199 z\u0142<\/strong><\/li>\n<\/ul>\n\n\n\n<p><\/p>\n","protected":false},"excerpt":{"rendered":"<p>Pr\u0119dko\u015b\u0107 pobierania do 800 Mb\/s Pr\u0119dko\u015b\u0107 wysy\u0142ania do 100 Mb\/s Abonament miesi\u0119czny 80 z\u0142 Adres IP z puli prywatnej. Opcje dodatkowe na \u017cyczenie Abonenta:1 adres IP z puli publicznej (abonament miesi\u0119czny 19 z\u0142)Us\u0142uga 2x szybsze wysy\u0142anie danych (abonament miesi\u0119czny 20 z\u0142)Dzier\u017cawa routera Wi-Fi 7 (abonament miesi\u0119czny 10 z\u0142) Pr\u0119dko\u015b\u0107 800 M\/s pozwala na p\u0142ynne przegl\u0105danie [&hellip;]<\/p>\n","protected":false},"author":1,"featured_media":0,"parent":0,"menu_order":0,"comment_status":"closed","ping_status":"closed","template":"","meta":{"footnotes":""},"class_list":["post-26","page","type-page","status-publish","hentry"],"yoast_head":"<!-- This site is optimized with the Yoast SEO plugin v27.2 - https:\/\/yoast.com\/product\/yoast-seo-wordpress\/ -->\n<title>Internet HomeNET 800+ - GalaxyNet<\/title>\n<meta name=\"description\" content=\"Internet \u015awiat\u0142owodowy do 800 MB\/s. Szybki i niezawodny Internet \u015bwiat\u0142owodowy dla Twojego domu. Dowiedz si\u0119 wi\u0119cej o naszej ofercie!\" \/>\n<meta name=\"robots\" content=\"index, follow, max-snippet:-1, max-image-preview:large, max-video-preview:-1\" \/>\n<link rel=\"canonical\" href=\"https:\/\/galaxynet.pl\/?page_id=26\" \/>\n<meta property=\"og:locale\" content=\"pl_PL\" \/>\n<meta property=\"og:type\" content=\"article\" \/>\n<meta property=\"og:title\" content=\"Internet HomeNET 800+ - GalaxyNet\" \/>\n<meta property=\"og:description\" content=\"Internet \u015awiat\u0142owodowy do 800 MB\/s. Szybki i niezawodny Internet \u015bwiat\u0142owodowy dla Twojego domu. Dowiedz si\u0119 wi\u0119cej o naszej ofercie!\" \/>\n<meta property=\"og:url\" content=\"https:\/\/galaxynet.pl\/?page_id=26\" \/>\n<meta property=\"og:site_name\" content=\"GalaxyNet\" \/>\n<meta property=\"article:modified_time\" content=\"2025-12-22T11:25:17+00:00\" \/>\n<meta name=\"twitter:card\" content=\"summary_large_image\" \/>\n<meta name=\"twitter:label1\" content=\"Szacowany czas czytania\" \/>\n\t<meta name=\"twitter:data1\" content=\"2 minuty\" \/>\n<script type=\"application\/ld+json\" class=\"yoast-schema-graph\">{\"@context\":\"https:\/\/schema.org\",\"@graph\":[{\"@type\":\"WebPage\",\"@id\":\"https:\/\/galaxynet.pl\/?page_id=26\",\"url\":\"https:\/\/galaxynet.pl\/?page_id=26\",\"name\":\"Internet HomeNET 800+ - GalaxyNet\",\"isPartOf\":{\"@id\":\"https:\/\/galaxynet.pl\/#website\"},\"datePublished\":\"2024-07-11T13:28:27+00:00\",\"dateModified\":\"2025-12-22T11:25:17+00:00\",\"description\":\"Internet \u015awiat\u0142owodowy do 800 MB\/s. Szybki i niezawodny Internet \u015bwiat\u0142owodowy dla Twojego domu. Dowiedz si\u0119 wi\u0119cej o naszej ofercie!\",\"breadcrumb\":{\"@id\":\"https:\/\/galaxynet.pl\/?page_id=26#breadcrumb\"},\"inLanguage\":\"pl-PL\",\"potentialAction\":[{\"@type\":\"ReadAction\",\"target\":[\"https:\/\/galaxynet.pl\/?page_id=26\"]}]},{\"@type\":\"BreadcrumbList\",\"@id\":\"https:\/\/galaxynet.pl\/?page_id=26#breadcrumb\",\"itemListElement\":[{\"@type\":\"ListItem\",\"position\":1,\"name\":\"Home\",\"item\":\"https:\/\/galaxynet.pl\/\"},{\"@type\":\"ListItem\",\"position\":2,\"name\":\"Internet HomeNET 800+\"}]},{\"@type\":\"WebSite\",\"@id\":\"https:\/\/galaxynet.pl\/#website\",\"url\":\"https:\/\/galaxynet.pl\/\",\"name\":\"GalaxyNet\",\"description\":\"Wszystko, czego potrzebujesz.\",\"potentialAction\":[{\"@type\":\"SearchAction\",\"target\":{\"@type\":\"EntryPoint\",\"urlTemplate\":\"https:\/\/galaxynet.pl\/?s={search_term_string}\"},\"query-input\":{\"@type\":\"PropertyValueSpecification\",\"valueRequired\":true,\"valueName\":\"search_term_string\"}}],\"inLanguage\":\"pl-PL\"}]}<\/script>\n<!-- \/ Yoast SEO plugin. -->","yoast_head_json":{"title":"Internet HomeNET 800+ - GalaxyNet","description":"Internet \u015awiat\u0142owodowy do 800 MB\/s. Szybki i niezawodny Internet \u015bwiat\u0142owodowy dla Twojego domu. Dowiedz si\u0119 wi\u0119cej o naszej ofercie!","robots":{"index":"index","follow":"follow","max-snippet":"max-snippet:-1","max-image-preview":"max-image-preview:large","max-video-preview":"max-video-preview:-1"},"canonical":"https:\/\/galaxynet.pl\/?page_id=26","og_locale":"pl_PL","og_type":"article","og_title":"Internet HomeNET 800+ - GalaxyNet","og_description":"Internet \u015awiat\u0142owodowy do 800 MB\/s. Szybki i niezawodny Internet \u015bwiat\u0142owodowy dla Twojego domu. Dowiedz si\u0119 wi\u0119cej o naszej ofercie!","og_url":"https:\/\/galaxynet.pl\/?page_id=26","og_site_name":"GalaxyNet","article_modified_time":"2025-12-22T11:25:17+00:00","twitter_card":"summary_large_image","twitter_misc":{"Szacowany czas czytania":"2 minuty"},"schema":{"@context":"https:\/\/schema.org","@graph":[{"@type":"WebPage","@id":"https:\/\/galaxynet.pl\/?page_id=26","url":"https:\/\/galaxynet.pl\/?page_id=26","name":"Internet HomeNET 800+ - GalaxyNet","isPartOf":{"@id":"https:\/\/galaxynet.pl\/#website"},"datePublished":"2024-07-11T13:28:27+00:00","dateModified":"2025-12-22T11:25:17+00:00","description":"Internet \u015awiat\u0142owodowy do 800 MB\/s. Szybki i niezawodny Internet \u015bwiat\u0142owodowy dla Twojego domu. Dowiedz si\u0119 wi\u0119cej o naszej ofercie!","breadcrumb":{"@id":"https:\/\/galaxynet.pl\/?page_id=26#breadcrumb"},"inLanguage":"pl-PL","potentialAction":[{"@type":"ReadAction","target":["https:\/\/galaxynet.pl\/?page_id=26"]}]},{"@type":"BreadcrumbList","@id":"https:\/\/galaxynet.pl\/?page_id=26#breadcrumb","itemListElement":[{"@type":"ListItem","position":1,"name":"Home","item":"https:\/\/galaxynet.pl\/"},{"@type":"ListItem","position":2,"name":"Internet HomeNET 800+"}]},{"@type":"WebSite","@id":"https:\/\/galaxynet.pl\/#website","url":"https:\/\/galaxynet.pl\/","name":"GalaxyNet","description":"Wszystko, czego potrzebujesz.","potentialAction":[{"@type":"SearchAction","target":{"@type":"EntryPoint","urlTemplate":"https:\/\/galaxynet.pl\/?s={search_term_string}"},"query-input":{"@type":"PropertyValueSpecification","valueRequired":true,"valueName":"search_term_string"}}],"inLanguage":"pl-PL"}]}},"_links":{"self":[{"href":"https:\/\/galaxynet.pl\/index.php?rest_route=\/wp\/v2\/pages\/26","targetHints":{"allow":["GET"]}}],"collection":[{"href":"https:\/\/galaxynet.pl\/index.php?rest_route=\/wp\/v2\/pages"}],"about":[{"href":"https:\/\/galaxynet.pl\/index.php?rest_route=\/wp\/v2\/types\/page"}],"author":[{"embeddable":true,"href":"https:\/\/galaxynet.pl\/index.php?rest_route=\/wp\/v2\/users\/1"}],"replies":[{"embeddable":true,"href":"https:\/\/galaxynet.pl\/index.php?rest_route=%2Fwp%2Fv2%2Fcomments&post=26"}],"version-history":[{"count":17,"href":"https:\/\/galaxynet.pl\/index.php?rest_route=\/wp\/v2\/pages\/26\/revisions"}],"predecessor-version":[{"id":452,"href":"https:\/\/galaxynet.pl\/index.php?rest_route=\/wp\/v2\/pages\/26\/revisions\/452"}],"wp:attachment":[{"href":"https:\/\/galaxynet.pl\/index.php?rest_route=%2Fwp%2Fv2%2Fmedia&parent=26"}],"curies":[{"name":"wp","href":"https:\/\/api.w.org\/{rel}","templated":true}]}}