{"id":264,"date":"2024-10-29T15:02:37","date_gmt":"2024-10-29T14:02:37","guid":{"rendered":"https:\/\/galaxynet.pl\/?page_id=264"},"modified":"2025-06-12T12:24:07","modified_gmt":"2025-06-12T10:24:07","slug":"internet-swiatlowodowy-dla-firm","status":"publish","type":"page","link":"https:\/\/galaxynet.pl\/?page_id=264","title":{"rendered":"Internet \u015awiat\u0142owodowy dla firm"},"content":{"rendered":"\n<p><strong>Internet \u015awiat\u0142owodowy dla firm<\/strong><br>Symetryczny Internet do\u00a0<strong>8.000 Mb\/s<\/strong> !!!<br><strong>Adres IP\u00a0z puli zewn\u0119trznej<\/strong><br>Gwarancja <strong>SLA<\/strong><br>Niski ping<br>Szybki czas reakcji na awari\u0119.<br>Dedykowana obs\u0142uga klienta.<br>Abonament od <strong>199 PLN netto<\/strong>!!!<\/p>\n\n\n\n<p>Op\u0142ata aktywacyjna od <strong>1 PLN netto!!!<\/strong><\/p>\n\n\n\n<p><strong>Op\u0142ata przy\u0142\u0105czeniowa jest uzale\u017cniona od czasu trwania umowy abonenckiej oraz istnienia i<\/strong>\u00a0<strong>mo\u017cliwo\u015bci wykorzystania infrastruktury \u015bwiat\u0142owodowej w miejscu instalacji<\/strong>.<\/p>\n\n\n\n<p><\/p>\n\n\n\n<p>W celu indywidulanej wyceny prosimy o kontakt.<\/p>\n","protected":false},"excerpt":{"rendered":"<p>Internet \u015awiat\u0142owodowy dla firmSymetryczny Internet do\u00a08.000 Mb\/s !!!Adres IP\u00a0z puli zewn\u0119trznejGwarancja SLANiski pingSzybki czas reakcji na awari\u0119.Dedykowana obs\u0142uga klienta.Abonament od 199 PLN netto!!! Op\u0142ata aktywacyjna od 1 PLN netto!!! Op\u0142ata przy\u0142\u0105czeniowa jest uzale\u017cniona od czasu trwania umowy abonenckiej oraz istnienia i\u00a0mo\u017cliwo\u015bci wykorzystania infrastruktury \u015bwiat\u0142owodowej w miejscu instalacji. W celu indywidulanej wyceny prosimy o kontakt.<\/p>\n","protected":false},"author":1,"featured_media":0,"parent":0,"menu_order":0,"comment_status":"closed","ping_status":"closed","template":"","meta":{"footnotes":""},"class_list":["post-264","page","type-page","status-publish","hentry"],"yoast_head":"<!-- This site is optimized with the Yoast SEO plugin v27.2 - https:\/\/yoast.com\/product\/yoast-seo-wordpress\/ -->\n<title>Internet \u015awiat\u0142owodowy dla firm - GalaxyNet<\/title>\n<meta name=\"description\" content=\"Internet \u015awiat\u0142owodowy do 10.000 MB\/s. Szybki i niezawodny Internet \u015bwiat\u0142owodowy dla Twojego domu. Dowiedz si\u0119 wi\u0119cej o naszej ofercie!\" \/>\n<meta name=\"robots\" content=\"index, follow, max-snippet:-1, max-image-preview:large, max-video-preview:-1\" \/>\n<link rel=\"canonical\" href=\"https:\/\/galaxynet.pl\/?page_id=264\" \/>\n<meta property=\"og:locale\" content=\"pl_PL\" \/>\n<meta property=\"og:type\" content=\"article\" \/>\n<meta property=\"og:title\" content=\"Internet \u015awiat\u0142owodowy dla firm - GalaxyNet\" \/>\n<meta property=\"og:description\" content=\"Internet \u015awiat\u0142owodowy do 10.000 MB\/s. Szybki i niezawodny Internet \u015bwiat\u0142owodowy dla Twojego domu. Dowiedz si\u0119 wi\u0119cej o naszej ofercie!\" \/>\n<meta property=\"og:url\" content=\"https:\/\/galaxynet.pl\/?page_id=264\" \/>\n<meta property=\"og:site_name\" content=\"GalaxyNet\" \/>\n<meta property=\"article:modified_time\" content=\"2025-06-12T10:24:07+00:00\" \/>\n<meta name=\"twitter:card\" content=\"summary_large_image\" \/>\n<meta name=\"twitter:label1\" content=\"Szacowany czas czytania\" \/>\n\t<meta name=\"twitter:data1\" content=\"1 minuta\" \/>\n<script type=\"application\/ld+json\" class=\"yoast-schema-graph\">{\"@context\":\"https:\/\/schema.org\",\"@graph\":[{\"@type\":\"WebPage\",\"@id\":\"https:\/\/galaxynet.pl\/?page_id=264\",\"url\":\"https:\/\/galaxynet.pl\/?page_id=264\",\"name\":\"Internet \u015awiat\u0142owodowy dla firm - GalaxyNet\",\"isPartOf\":{\"@id\":\"https:\/\/galaxynet.pl\/#website\"},\"datePublished\":\"2024-10-29T14:02:37+00:00\",\"dateModified\":\"2025-06-12T10:24:07+00:00\",\"description\":\"Internet \u015awiat\u0142owodowy do 10.000 MB\/s. Szybki i niezawodny Internet \u015bwiat\u0142owodowy dla Twojego domu. Dowiedz si\u0119 wi\u0119cej o naszej ofercie!\",\"breadcrumb\":{\"@id\":\"https:\/\/galaxynet.pl\/?page_id=264#breadcrumb\"},\"inLanguage\":\"pl-PL\",\"potentialAction\":[{\"@type\":\"ReadAction\",\"target\":[\"https:\/\/galaxynet.pl\/?page_id=264\"]}]},{\"@type\":\"BreadcrumbList\",\"@id\":\"https:\/\/galaxynet.pl\/?page_id=264#breadcrumb\",\"itemListElement\":[{\"@type\":\"ListItem\",\"position\":1,\"name\":\"Home\",\"item\":\"https:\/\/galaxynet.pl\/\"},{\"@type\":\"ListItem\",\"position\":2,\"name\":\"Internet \u015awiat\u0142owodowy dla firm\"}]},{\"@type\":\"WebSite\",\"@id\":\"https:\/\/galaxynet.pl\/#website\",\"url\":\"https:\/\/galaxynet.pl\/\",\"name\":\"GalaxyNet\",\"description\":\"Wszystko, czego potrzebujesz.\",\"potentialAction\":[{\"@type\":\"SearchAction\",\"target\":{\"@type\":\"EntryPoint\",\"urlTemplate\":\"https:\/\/galaxynet.pl\/?s={search_term_string}\"},\"query-input\":{\"@type\":\"PropertyValueSpecification\",\"valueRequired\":true,\"valueName\":\"search_term_string\"}}],\"inLanguage\":\"pl-PL\"}]}<\/script>\n<!-- \/ Yoast SEO plugin. -->","yoast_head_json":{"title":"Internet \u015awiat\u0142owodowy dla firm - GalaxyNet","description":"Internet \u015awiat\u0142owodowy do 10.000 MB\/s. Szybki i niezawodny Internet \u015bwiat\u0142owodowy dla Twojego domu. Dowiedz si\u0119 wi\u0119cej o naszej ofercie!","robots":{"index":"index","follow":"follow","max-snippet":"max-snippet:-1","max-image-preview":"max-image-preview:large","max-video-preview":"max-video-preview:-1"},"canonical":"https:\/\/galaxynet.pl\/?page_id=264","og_locale":"pl_PL","og_type":"article","og_title":"Internet \u015awiat\u0142owodowy dla firm - GalaxyNet","og_description":"Internet \u015awiat\u0142owodowy do 10.000 MB\/s. Szybki i niezawodny Internet \u015bwiat\u0142owodowy dla Twojego domu. Dowiedz si\u0119 wi\u0119cej o naszej ofercie!","og_url":"https:\/\/galaxynet.pl\/?page_id=264","og_site_name":"GalaxyNet","article_modified_time":"2025-06-12T10:24:07+00:00","twitter_card":"summary_large_image","twitter_misc":{"Szacowany czas czytania":"1 minuta"},"schema":{"@context":"https:\/\/schema.org","@graph":[{"@type":"WebPage","@id":"https:\/\/galaxynet.pl\/?page_id=264","url":"https:\/\/galaxynet.pl\/?page_id=264","name":"Internet \u015awiat\u0142owodowy dla firm - GalaxyNet","isPartOf":{"@id":"https:\/\/galaxynet.pl\/#website"},"datePublished":"2024-10-29T14:02:37+00:00","dateModified":"2025-06-12T10:24:07+00:00","description":"Internet \u015awiat\u0142owodowy do 10.000 MB\/s. Szybki i niezawodny Internet \u015bwiat\u0142owodowy dla Twojego domu. Dowiedz si\u0119 wi\u0119cej o naszej ofercie!","breadcrumb":{"@id":"https:\/\/galaxynet.pl\/?page_id=264#breadcrumb"},"inLanguage":"pl-PL","potentialAction":[{"@type":"ReadAction","target":["https:\/\/galaxynet.pl\/?page_id=264"]}]},{"@type":"BreadcrumbList","@id":"https:\/\/galaxynet.pl\/?page_id=264#breadcrumb","itemListElement":[{"@type":"ListItem","position":1,"name":"Home","item":"https:\/\/galaxynet.pl\/"},{"@type":"ListItem","position":2,"name":"Internet \u015awiat\u0142owodowy dla firm"}]},{"@type":"WebSite","@id":"https:\/\/galaxynet.pl\/#website","url":"https:\/\/galaxynet.pl\/","name":"GalaxyNet","description":"Wszystko, czego potrzebujesz.","potentialAction":[{"@type":"SearchAction","target":{"@type":"EntryPoint","urlTemplate":"https:\/\/galaxynet.pl\/?s={search_term_string}"},"query-input":{"@type":"PropertyValueSpecification","valueRequired":true,"valueName":"search_term_string"}}],"inLanguage":"pl-PL"}]}},"_links":{"self":[{"href":"https:\/\/galaxynet.pl\/index.php?rest_route=\/wp\/v2\/pages\/264","targetHints":{"allow":["GET"]}}],"collection":[{"href":"https:\/\/galaxynet.pl\/index.php?rest_route=\/wp\/v2\/pages"}],"about":[{"href":"https:\/\/galaxynet.pl\/index.php?rest_route=\/wp\/v2\/types\/page"}],"author":[{"embeddable":true,"href":"https:\/\/galaxynet.pl\/index.php?rest_route=\/wp\/v2\/users\/1"}],"replies":[{"embeddable":true,"href":"https:\/\/galaxynet.pl\/index.php?rest_route=%2Fwp%2Fv2%2Fcomments&post=264"}],"version-history":[{"count":6,"href":"https:\/\/galaxynet.pl\/index.php?rest_route=\/wp\/v2\/pages\/264\/revisions"}],"predecessor-version":[{"id":397,"href":"https:\/\/galaxynet.pl\/index.php?rest_route=\/wp\/v2\/pages\/264\/revisions\/397"}],"wp:attachment":[{"href":"https:\/\/galaxynet.pl\/index.php?rest_route=%2Fwp%2Fv2%2Fmedia&parent=264"}],"curies":[{"name":"wp","href":"https:\/\/api.w.org\/{rel}","templated":true}]}}