{"id":54,"date":"2024-07-12T09:06:49","date_gmt":"2024-07-12T07:06:49","guid":{"rendered":"https:\/\/galaxynet.pl\/?page_id=54"},"modified":"2024-07-12T09:06:50","modified_gmt":"2024-07-12T07:06:50","slug":"telefon-stacjonarny","status":"publish","type":"page","link":"https:\/\/galaxynet.pl\/?page_id=54","title":{"rendered":"Telefon stacjonarny"},"content":{"rendered":"\n<p>Telefon stacjonarny na abonament to rozwi\u0105zanie dla os\u00f3b ceni\u0105cych sobie wygod\u0119 i niezawodno\u015b\u0107.<\/p>\n\n\n\n<p>Telefon 1500 Plus<br>Telefon stacjonarny zapewnia sta\u0142\u0105 \u0142\u0105czno\u015b\u0107 bez wzgl\u0119du na to, czy Tw\u00f3j telefon kom\u00f3rkowy dzia\u0142a lub nie. Nie przegap \u017cadnego wa\u017cnego po\u0142\u0105czenia! W ramach abonamentu otrzymujesz 1500 darmowych minut na telefony stacjonarne i kom\u00f3rkowe, darmowe rozmowy wewn\u0105trz sieci i naliczanie sekundowe.<\/p>\n\n\n\n<p>Telefon 300 Plus<br>Telefon stacjonarny oferuje lepsz\u0105 jako\u015b\u0107 po\u0142\u0105czenia ni\u017c telefon kom\u00f3rkowy, co oznacza, \u017ce \u200b\u200bmo\u017cesz cieszy\u0107 si\u0119 wyra\u017anym d\u017awi\u0119kiem i unikn\u0105\u0107 przerywania rozm\u00f3w. Przekonaj si\u0119, jak wiele korzy\u015bci mo\u017ce przynie\u015b\u0107 korzystanie z telefonu stacjonarnego! W ramach abonamentu masz a\u017c 300 darmowych minut na telefony stacjonarne i kom\u00f3rkowe, naliczanie sekundowe oraz darmowe rozmowy wewn\u0105trz sieci.<\/p>\n","protected":false},"excerpt":{"rendered":"<p>Telefon stacjonarny na abonament to rozwi\u0105zanie dla os\u00f3b ceni\u0105cych sobie wygod\u0119 i niezawodno\u015b\u0107. Telefon 1500 PlusTelefon stacjonarny zapewnia sta\u0142\u0105 \u0142\u0105czno\u015b\u0107 bez wzgl\u0119du na to, czy Tw\u00f3j telefon kom\u00f3rkowy dzia\u0142a lub nie. Nie przegap \u017cadnego wa\u017cnego po\u0142\u0105czenia! W ramach abonamentu otrzymujesz 1500 darmowych minut na telefony stacjonarne i kom\u00f3rkowe, darmowe rozmowy wewn\u0105trz sieci i naliczanie sekundowe. [&hellip;]<\/p>\n","protected":false},"author":1,"featured_media":0,"parent":0,"menu_order":0,"comment_status":"closed","ping_status":"closed","template":"","meta":{"footnotes":""},"class_list":["post-54","page","type-page","status-publish","hentry"],"yoast_head":"<!-- This site is optimized with the Yoast SEO plugin v27.2 - https:\/\/yoast.com\/product\/yoast-seo-wordpress\/ -->\n<title>Telefon stacjonarny - GalaxyNet<\/title>\n<meta name=\"robots\" content=\"index, follow, max-snippet:-1, max-image-preview:large, max-video-preview:-1\" \/>\n<link rel=\"canonical\" href=\"https:\/\/galaxynet.pl\/?page_id=54\" \/>\n<meta property=\"og:locale\" content=\"pl_PL\" \/>\n<meta property=\"og:type\" content=\"article\" \/>\n<meta property=\"og:title\" content=\"Telefon stacjonarny - GalaxyNet\" \/>\n<meta property=\"og:description\" content=\"Telefon stacjonarny na abonament to rozwi\u0105zanie dla os\u00f3b ceni\u0105cych sobie wygod\u0119 i niezawodno\u015b\u0107. Telefon 1500 PlusTelefon stacjonarny zapewnia sta\u0142\u0105 \u0142\u0105czno\u015b\u0107 bez wzgl\u0119du na to, czy Tw\u00f3j telefon kom\u00f3rkowy dzia\u0142a lub nie. Nie przegap \u017cadnego wa\u017cnego po\u0142\u0105czenia! W ramach abonamentu otrzymujesz 1500 darmowych minut na telefony stacjonarne i kom\u00f3rkowe, darmowe rozmowy wewn\u0105trz sieci i naliczanie sekundowe. [&hellip;]\" \/>\n<meta property=\"og:url\" content=\"https:\/\/galaxynet.pl\/?page_id=54\" \/>\n<meta property=\"og:site_name\" content=\"GalaxyNet\" \/>\n<meta property=\"article:modified_time\" content=\"2024-07-12T07:06:50+00:00\" \/>\n<meta name=\"twitter:card\" content=\"summary_large_image\" \/>\n<meta name=\"twitter:label1\" content=\"Szacowany czas czytania\" \/>\n\t<meta name=\"twitter:data1\" content=\"1 minuta\" \/>\n<script type=\"application\/ld+json\" class=\"yoast-schema-graph\">{\"@context\":\"https:\/\/schema.org\",\"@graph\":[{\"@type\":\"WebPage\",\"@id\":\"https:\/\/galaxynet.pl\/?page_id=54\",\"url\":\"https:\/\/galaxynet.pl\/?page_id=54\",\"name\":\"Telefon stacjonarny - GalaxyNet\",\"isPartOf\":{\"@id\":\"https:\/\/galaxynet.pl\/#website\"},\"datePublished\":\"2024-07-12T07:06:49+00:00\",\"dateModified\":\"2024-07-12T07:06:50+00:00\",\"breadcrumb\":{\"@id\":\"https:\/\/galaxynet.pl\/?page_id=54#breadcrumb\"},\"inLanguage\":\"pl-PL\",\"potentialAction\":[{\"@type\":\"ReadAction\",\"target\":[\"https:\/\/galaxynet.pl\/?page_id=54\"]}]},{\"@type\":\"BreadcrumbList\",\"@id\":\"https:\/\/galaxynet.pl\/?page_id=54#breadcrumb\",\"itemListElement\":[{\"@type\":\"ListItem\",\"position\":1,\"name\":\"Home\",\"item\":\"https:\/\/galaxynet.pl\/\"},{\"@type\":\"ListItem\",\"position\":2,\"name\":\"Telefon stacjonarny\"}]},{\"@type\":\"WebSite\",\"@id\":\"https:\/\/galaxynet.pl\/#website\",\"url\":\"https:\/\/galaxynet.pl\/\",\"name\":\"GalaxyNet\",\"description\":\"Wszystko, czego potrzebujesz.\",\"potentialAction\":[{\"@type\":\"SearchAction\",\"target\":{\"@type\":\"EntryPoint\",\"urlTemplate\":\"https:\/\/galaxynet.pl\/?s={search_term_string}\"},\"query-input\":{\"@type\":\"PropertyValueSpecification\",\"valueRequired\":true,\"valueName\":\"search_term_string\"}}],\"inLanguage\":\"pl-PL\"}]}<\/script>\n<!-- \/ Yoast SEO plugin. -->","yoast_head_json":{"title":"Telefon stacjonarny - GalaxyNet","robots":{"index":"index","follow":"follow","max-snippet":"max-snippet:-1","max-image-preview":"max-image-preview:large","max-video-preview":"max-video-preview:-1"},"canonical":"https:\/\/galaxynet.pl\/?page_id=54","og_locale":"pl_PL","og_type":"article","og_title":"Telefon stacjonarny - GalaxyNet","og_description":"Telefon stacjonarny na abonament to rozwi\u0105zanie dla os\u00f3b ceni\u0105cych sobie wygod\u0119 i niezawodno\u015b\u0107. Telefon 1500 PlusTelefon stacjonarny zapewnia sta\u0142\u0105 \u0142\u0105czno\u015b\u0107 bez wzgl\u0119du na to, czy Tw\u00f3j telefon kom\u00f3rkowy dzia\u0142a lub nie. Nie przegap \u017cadnego wa\u017cnego po\u0142\u0105czenia! W ramach abonamentu otrzymujesz 1500 darmowych minut na telefony stacjonarne i kom\u00f3rkowe, darmowe rozmowy wewn\u0105trz sieci i naliczanie sekundowe. [&hellip;]","og_url":"https:\/\/galaxynet.pl\/?page_id=54","og_site_name":"GalaxyNet","article_modified_time":"2024-07-12T07:06:50+00:00","twitter_card":"summary_large_image","twitter_misc":{"Szacowany czas czytania":"1 minuta"},"schema":{"@context":"https:\/\/schema.org","@graph":[{"@type":"WebPage","@id":"https:\/\/galaxynet.pl\/?page_id=54","url":"https:\/\/galaxynet.pl\/?page_id=54","name":"Telefon stacjonarny - GalaxyNet","isPartOf":{"@id":"https:\/\/galaxynet.pl\/#website"},"datePublished":"2024-07-12T07:06:49+00:00","dateModified":"2024-07-12T07:06:50+00:00","breadcrumb":{"@id":"https:\/\/galaxynet.pl\/?page_id=54#breadcrumb"},"inLanguage":"pl-PL","potentialAction":[{"@type":"ReadAction","target":["https:\/\/galaxynet.pl\/?page_id=54"]}]},{"@type":"BreadcrumbList","@id":"https:\/\/galaxynet.pl\/?page_id=54#breadcrumb","itemListElement":[{"@type":"ListItem","position":1,"name":"Home","item":"https:\/\/galaxynet.pl\/"},{"@type":"ListItem","position":2,"name":"Telefon stacjonarny"}]},{"@type":"WebSite","@id":"https:\/\/galaxynet.pl\/#website","url":"https:\/\/galaxynet.pl\/","name":"GalaxyNet","description":"Wszystko, czego potrzebujesz.","potentialAction":[{"@type":"SearchAction","target":{"@type":"EntryPoint","urlTemplate":"https:\/\/galaxynet.pl\/?s={search_term_string}"},"query-input":{"@type":"PropertyValueSpecification","valueRequired":true,"valueName":"search_term_string"}}],"inLanguage":"pl-PL"}]}},"_links":{"self":[{"href":"https:\/\/galaxynet.pl\/index.php?rest_route=\/wp\/v2\/pages\/54","targetHints":{"allow":["GET"]}}],"collection":[{"href":"https:\/\/galaxynet.pl\/index.php?rest_route=\/wp\/v2\/pages"}],"about":[{"href":"https:\/\/galaxynet.pl\/index.php?rest_route=\/wp\/v2\/types\/page"}],"author":[{"embeddable":true,"href":"https:\/\/galaxynet.pl\/index.php?rest_route=\/wp\/v2\/users\/1"}],"replies":[{"embeddable":true,"href":"https:\/\/galaxynet.pl\/index.php?rest_route=%2Fwp%2Fv2%2Fcomments&post=54"}],"version-history":[{"count":1,"href":"https:\/\/galaxynet.pl\/index.php?rest_route=\/wp\/v2\/pages\/54\/revisions"}],"predecessor-version":[{"id":55,"href":"https:\/\/galaxynet.pl\/index.php?rest_route=\/wp\/v2\/pages\/54\/revisions\/55"}],"wp:attachment":[{"href":"https:\/\/galaxynet.pl\/index.php?rest_route=%2Fwp%2Fv2%2Fmedia&parent=54"}],"curies":[{"name":"wp","href":"https:\/\/api.w.org\/{rel}","templated":true}]}}