{"id":68,"date":"2024-07-12T09:28:13","date_gmt":"2024-07-12T07:28:13","guid":{"rendered":"https:\/\/galaxynet.pl\/?page_id=68"},"modified":"2024-08-22T11:43:41","modified_gmt":"2024-08-22T09:43:41","slug":"o-nas","status":"publish","type":"page","link":"https:\/\/galaxynet.pl\/?page_id=68","title":{"rendered":"O nas"},"content":{"rendered":"\n<p>O nas<br>Dostawca Internetu \u015awiat\u0142owodowego.<\/p>\n\n\n\n<p>Firm\u0119 GalaxyNet tworzy zesp\u00f3\u0142 m\u0142odych, wci\u0105\u017c poszerzaj\u0105cych swoj\u0105 wiedz\u0119, tw\u00f3rczo my\u015bl\u0105cych, dobrze wykszta\u0142conych os\u00f3b.<\/p>\n\n\n\n<p>Staranny dob\u00f3r kadry pracowniczej, wsparty profesjonalnym zapleczem informatycznym sprawia, i\u017c nasza Sp\u00f3\u0142ka jest w stanie spe\u0142ni\u0107 wszelkie wymagania stawiane nam przez Klient\u00f3w.<\/p>\n\n\n\n<p>Odzwierciedleniem misji GalaxyNet jest nasze has\u0142o przewodnie: \u201eLepsza strona telekomunikacji&#8221;, kt\u00f3re charakteryzuje lepsze dopasowanie us\u0142ug pod specyficzne zapotrzebowanie indywidualnych Klient\u00f3w, dlatego te\u017c nieustannie pracujemy nad dostosowaniem oferowanych rozwi\u0105za\u0144 do wymaga\u0144 naszych Kontrahent\u00f3w.<\/p>\n\n\n\n<p>Strategia GalaxyNet stawia przede wszystkim na niezawodno\u015b\u0107 i wszechstronno\u015b\u0107. Dbaj\u0105c o swoich Klient\u00f3w, a jednocze\u015bnie staraj\u0105c si\u0119 stale zwi\u0119ksza\u0107 zakres i atrakcyjno\u015b\u0107 oferty, budujemy jako\u015b\u0107 opieraj\u0105c si\u0119 o do\u015bwiadczenia najlepszych.<\/p>\n\n\n\n<p>Unikalne, skrojone na miar\u0119, rozwi\u0105zania w \u015bwiadczeniu us\u0142ug, stosowane przez GalaxyNet, pozwalaj\u0105 nam na pe\u0142n\u0105 obs\u0142ug\u0119 telekomunikacyjn\u0105 oraz teleinformatyczn\u0105 naszych Kontrahent\u00f3w, poczynaj\u0105c od \u015bwiadczenia na ich dobro us\u0142ug telekomunikacyjnych, tj. dost\u0119pu do sieci Internet oraz Telefonii Stacjonarnej, poprzez \u015bwiadczenie us\u0142ug Kolokacji Serwer\u00f3w i Transmisji Danych a\u017c po projektowanie oraz wykonanie r\u00f3\u017cnorodnych sieci strukturalnych i na dostawie odpowiedniego sprz\u0119tu sieciowego ko\u0144cz\u0105c.<\/p>\n\n\n\n<p>Potencja\u0142 GalaxyNet, w por\u00f3wnaniu z innymi sp\u00f3\u0142kami telekomunikacyjnymi, w \u017caden spos\u00f3b nie jest zwi\u0105zany z geograficznym obszarem naszego dzia\u0142ania. Nasza si\u0142a tkwi w\u0142a\u015bnie w naszej niewielko\u015bci, poniewa\u017c umo\u017cliwia nam to traktowa\u0107 ka\u017cdego Kontrahenta indywidualnie, staraj\u0105c si\u0119 sprosta\u0107 rosn\u0105cym wymaganiom i oczekiwaniom, stajemy si\u0119 jego Partnerem w Biznesie.<\/p>\n\n\n\n<p>B\u0119d\u0105c Kontrahentem GalaxyNet nie jeste\u015b jednym z wielu \u2013 dla nas jeste\u015b Wyj\u0105tkowy\u2026<\/p>\n\n\n\n<p>Indywidualne podej\u015bcie do ka\u017cdego naszego Kontrahenta oraz dbanie o jego interesy, stawiaj\u0105 nas w dobrej pozycji w konfrontacji z konkurencj\u0105, dlatego te\u017c liczba ma\u0142ych i du\u017cych Klient\u00f3w GalaxyNet stale ro\u015bnie.<\/p>\n\n\n\n<p>W\u015br\u00f3d nich s\u0105 min:<\/p>\n\n\n\n<ul class=\"wp-block-list\">\n<li>Ambasady i Konsulaty<\/li>\n\n\n\n<li>Banki<\/li>\n\n\n\n<li>Sp\u00f3\u0142ki notowane na warszawskiej GPW<\/li>\n\n\n\n<li>Jednostki administracji pa\u0144stwowej<\/li>\n\n\n\n<li>Deweloperzy i Wsp\u00f3lnoty Mieszkaniowe<\/li>\n\n\n\n<li>Kancelarie Prawne i Notarialne<\/li>\n\n\n\n<li>Szko\u0142y \u015arednie i Wy\u017csze<\/li>\n\n\n\n<li>Jednostki S\u0142u\u017cby Zdrowia<\/li>\n\n\n\n<li>Biblioteki Publiczne<\/li>\n\n\n\n<li>Muzea<\/li>\n\n\n\n<li>Wytw\u00f3rnie Muzyczne<\/li>\n\n\n\n<li>Operatorzy sieci GSM<\/li>\n\n\n\n<li>Og\u00f3lnopolskie serwisy WWW<br>oraz wiele innych<\/li>\n<\/ul>\n\n\n\n<p>Wybieraj\u0105c GalaxyNet wybieraj\u0105 Pa\u0144stwo bezpiecze\u0144stwo, kompetencj\u0119 oraz profesjonalizm dzia\u0142ania.<\/p>\n\n\n\n<p>Mamy nadziej\u0119, \u017ce przedstawiona oferta oraz zaproponowane przez nas rozwi\u0105zania, sprostaj\u0105 Pa\u0144stwa oczekiwaniom oraz zaowocuj\u0105 obop\u00f3ln\u0105 wsp\u00f3\u0142prac\u0105.<\/p>\n","protected":false},"excerpt":{"rendered":"<p>O nasDostawca Internetu \u015awiat\u0142owodowego. Firm\u0119 GalaxyNet tworzy zesp\u00f3\u0142 m\u0142odych, wci\u0105\u017c poszerzaj\u0105cych swoj\u0105 wiedz\u0119, tw\u00f3rczo my\u015bl\u0105cych, dobrze wykszta\u0142conych os\u00f3b. Staranny dob\u00f3r kadry pracowniczej, wsparty profesjonalnym zapleczem informatycznym sprawia, i\u017c nasza Sp\u00f3\u0142ka jest w stanie spe\u0142ni\u0107 wszelkie wymagania stawiane nam przez Klient\u00f3w. Odzwierciedleniem misji GalaxyNet jest nasze has\u0142o przewodnie: \u201eLepsza strona telekomunikacji&#8221;, kt\u00f3re charakteryzuje lepsze dopasowanie us\u0142ug [&hellip;]<\/p>\n","protected":false},"author":1,"featured_media":0,"parent":0,"menu_order":0,"comment_status":"closed","ping_status":"closed","template":"","meta":{"footnotes":""},"class_list":["post-68","page","type-page","status-publish","hentry"],"yoast_head":"<!-- This site is optimized with the Yoast SEO plugin v27.2 - https:\/\/yoast.com\/product\/yoast-seo-wordpress\/ -->\n<title>O nas - GalaxyNet<\/title>\n<meta name=\"robots\" content=\"index, follow, max-snippet:-1, max-image-preview:large, max-video-preview:-1\" \/>\n<link rel=\"canonical\" href=\"https:\/\/galaxynet.pl\/?page_id=68\" \/>\n<meta property=\"og:locale\" content=\"pl_PL\" \/>\n<meta property=\"og:type\" content=\"article\" \/>\n<meta property=\"og:title\" content=\"O nas - GalaxyNet\" \/>\n<meta property=\"og:description\" content=\"O nasDostawca Internetu \u015awiat\u0142owodowego. Firm\u0119 GalaxyNet tworzy zesp\u00f3\u0142 m\u0142odych, wci\u0105\u017c poszerzaj\u0105cych swoj\u0105 wiedz\u0119, tw\u00f3rczo my\u015bl\u0105cych, dobrze wykszta\u0142conych os\u00f3b. Staranny dob\u00f3r kadry pracowniczej, wsparty profesjonalnym zapleczem informatycznym sprawia, i\u017c nasza Sp\u00f3\u0142ka jest w stanie spe\u0142ni\u0107 wszelkie wymagania stawiane nam przez Klient\u00f3w. Odzwierciedleniem misji GalaxyNet jest nasze has\u0142o przewodnie: \u201eLepsza strona telekomunikacji&#8221;, kt\u00f3re charakteryzuje lepsze dopasowanie us\u0142ug [&hellip;]\" \/>\n<meta property=\"og:url\" content=\"https:\/\/galaxynet.pl\/?page_id=68\" \/>\n<meta property=\"og:site_name\" content=\"GalaxyNet\" \/>\n<meta property=\"article:modified_time\" content=\"2024-08-22T09:43:41+00:00\" \/>\n<meta name=\"twitter:card\" content=\"summary_large_image\" \/>\n<meta name=\"twitter:label1\" content=\"Szacowany czas czytania\" \/>\n\t<meta name=\"twitter:data1\" content=\"2 minuty\" \/>\n<script type=\"application\/ld+json\" class=\"yoast-schema-graph\">{\"@context\":\"https:\/\/schema.org\",\"@graph\":[{\"@type\":\"WebPage\",\"@id\":\"https:\/\/galaxynet.pl\/?page_id=68\",\"url\":\"https:\/\/galaxynet.pl\/?page_id=68\",\"name\":\"O nas - GalaxyNet\",\"isPartOf\":{\"@id\":\"https:\/\/galaxynet.pl\/#website\"},\"datePublished\":\"2024-07-12T07:28:13+00:00\",\"dateModified\":\"2024-08-22T09:43:41+00:00\",\"breadcrumb\":{\"@id\":\"https:\/\/galaxynet.pl\/?page_id=68#breadcrumb\"},\"inLanguage\":\"pl-PL\",\"potentialAction\":[{\"@type\":\"ReadAction\",\"target\":[\"https:\/\/galaxynet.pl\/?page_id=68\"]}]},{\"@type\":\"BreadcrumbList\",\"@id\":\"https:\/\/galaxynet.pl\/?page_id=68#breadcrumb\",\"itemListElement\":[{\"@type\":\"ListItem\",\"position\":1,\"name\":\"Home\",\"item\":\"https:\/\/galaxynet.pl\/\"},{\"@type\":\"ListItem\",\"position\":2,\"name\":\"O nas\"}]},{\"@type\":\"WebSite\",\"@id\":\"https:\/\/galaxynet.pl\/#website\",\"url\":\"https:\/\/galaxynet.pl\/\",\"name\":\"GalaxyNet\",\"description\":\"Wszystko, czego potrzebujesz.\",\"potentialAction\":[{\"@type\":\"SearchAction\",\"target\":{\"@type\":\"EntryPoint\",\"urlTemplate\":\"https:\/\/galaxynet.pl\/?s={search_term_string}\"},\"query-input\":{\"@type\":\"PropertyValueSpecification\",\"valueRequired\":true,\"valueName\":\"search_term_string\"}}],\"inLanguage\":\"pl-PL\"}]}<\/script>\n<!-- \/ Yoast SEO plugin. -->","yoast_head_json":{"title":"O nas - GalaxyNet","robots":{"index":"index","follow":"follow","max-snippet":"max-snippet:-1","max-image-preview":"max-image-preview:large","max-video-preview":"max-video-preview:-1"},"canonical":"https:\/\/galaxynet.pl\/?page_id=68","og_locale":"pl_PL","og_type":"article","og_title":"O nas - GalaxyNet","og_description":"O nasDostawca Internetu \u015awiat\u0142owodowego. Firm\u0119 GalaxyNet tworzy zesp\u00f3\u0142 m\u0142odych, wci\u0105\u017c poszerzaj\u0105cych swoj\u0105 wiedz\u0119, tw\u00f3rczo my\u015bl\u0105cych, dobrze wykszta\u0142conych os\u00f3b. Staranny dob\u00f3r kadry pracowniczej, wsparty profesjonalnym zapleczem informatycznym sprawia, i\u017c nasza Sp\u00f3\u0142ka jest w stanie spe\u0142ni\u0107 wszelkie wymagania stawiane nam przez Klient\u00f3w. Odzwierciedleniem misji GalaxyNet jest nasze has\u0142o przewodnie: \u201eLepsza strona telekomunikacji&#8221;, kt\u00f3re charakteryzuje lepsze dopasowanie us\u0142ug [&hellip;]","og_url":"https:\/\/galaxynet.pl\/?page_id=68","og_site_name":"GalaxyNet","article_modified_time":"2024-08-22T09:43:41+00:00","twitter_card":"summary_large_image","twitter_misc":{"Szacowany czas czytania":"2 minuty"},"schema":{"@context":"https:\/\/schema.org","@graph":[{"@type":"WebPage","@id":"https:\/\/galaxynet.pl\/?page_id=68","url":"https:\/\/galaxynet.pl\/?page_id=68","name":"O nas - GalaxyNet","isPartOf":{"@id":"https:\/\/galaxynet.pl\/#website"},"datePublished":"2024-07-12T07:28:13+00:00","dateModified":"2024-08-22T09:43:41+00:00","breadcrumb":{"@id":"https:\/\/galaxynet.pl\/?page_id=68#breadcrumb"},"inLanguage":"pl-PL","potentialAction":[{"@type":"ReadAction","target":["https:\/\/galaxynet.pl\/?page_id=68"]}]},{"@type":"BreadcrumbList","@id":"https:\/\/galaxynet.pl\/?page_id=68#breadcrumb","itemListElement":[{"@type":"ListItem","position":1,"name":"Home","item":"https:\/\/galaxynet.pl\/"},{"@type":"ListItem","position":2,"name":"O nas"}]},{"@type":"WebSite","@id":"https:\/\/galaxynet.pl\/#website","url":"https:\/\/galaxynet.pl\/","name":"GalaxyNet","description":"Wszystko, czego potrzebujesz.","potentialAction":[{"@type":"SearchAction","target":{"@type":"EntryPoint","urlTemplate":"https:\/\/galaxynet.pl\/?s={search_term_string}"},"query-input":{"@type":"PropertyValueSpecification","valueRequired":true,"valueName":"search_term_string"}}],"inLanguage":"pl-PL"}]}},"_links":{"self":[{"href":"https:\/\/galaxynet.pl\/index.php?rest_route=\/wp\/v2\/pages\/68","targetHints":{"allow":["GET"]}}],"collection":[{"href":"https:\/\/galaxynet.pl\/index.php?rest_route=\/wp\/v2\/pages"}],"about":[{"href":"https:\/\/galaxynet.pl\/index.php?rest_route=\/wp\/v2\/types\/page"}],"author":[{"embeddable":true,"href":"https:\/\/galaxynet.pl\/index.php?rest_route=\/wp\/v2\/users\/1"}],"replies":[{"embeddable":true,"href":"https:\/\/galaxynet.pl\/index.php?rest_route=%2Fwp%2Fv2%2Fcomments&post=68"}],"version-history":[{"count":3,"href":"https:\/\/galaxynet.pl\/index.php?rest_route=\/wp\/v2\/pages\/68\/revisions"}],"predecessor-version":[{"id":216,"href":"https:\/\/galaxynet.pl\/index.php?rest_route=\/wp\/v2\/pages\/68\/revisions\/216"}],"wp:attachment":[{"href":"https:\/\/galaxynet.pl\/index.php?rest_route=%2Fwp%2Fv2%2Fmedia&parent=68"}],"curies":[{"name":"wp","href":"https:\/\/api.w.org\/{rel}","templated":true}]}}